{"id":30,"date":"2026-04-06T10:00:38","date_gmt":"2026-04-06T10:00:38","guid":{"rendered":"https:\/\/vxxyewh.cluster100.hosting.ovh.net\/?page_id=30"},"modified":"2026-04-07T19:05:42","modified_gmt":"2026-04-07T19:05:42","slug":"homepage","status":"publish","type":"page","link":"https:\/\/novesia-evasion.fr\/","title":{"rendered":""},"content":{"rendered":"\n<link href=\"https:\/\/fonts.googleapis.com\/css2?family=Playfair+Display:ital,wght@0,700;1,400&#038;family=Cormorant+Garamond:ital,wght@1,400&#038;family=Jost:wght@300;400;500&#038;display=swap\" rel=\"stylesheet\">\n\n<!-- HERO -->\n<div class=\"nov-hero\">\n  <div class=\"nov-hero-overlay\">\n    <img decoding=\"async\" src=\"http:\/\/vxxyewh.cluster100.hosting.ovh.net\/wp-content\/uploads\/2026\/04\/Minimalist-Flower-Banner-Landscape.png\" alt=\"Aur\u00e9lie \u2013 Travel Planner Nov\u00e9sia\">\n  <\/div>\n<\/div>\n\n<!-- INTRO -->\n<div class=\"nov-intro\">\n  <p class=\"nov-lead\"><strong>Bienvenue chez Nov\u00e9sia, o\u00f9 vos r\u00eaves de voyage prennent vie.<\/strong><\/p>\n  <p>Que ce soit un <strong>Enterrement de Vie de Jeune Fille<\/strong> m\u00e9morable, une <strong>lune de miel<\/strong> inoubliable, une parenth\u00e8se enchant\u00e9e le temps d&rsquo;un week-end ou une escapade hors des sentiers battus, je transforme vos envies en exp\u00e9riences uniques. Chaque <strong>voyage<\/strong> est pens\u00e9 pour vous, sur mesure, avec soin et passion, pour que chaque instant devienne un souvenir pr\u00e9cieux.<\/p>\n  <p>Et si votre prochain voyage devenait bien plus qu&rsquo;un simple d\u00e9part ?<\/p>\n<\/div>\n\n<!-- TRAVEL PLANNER -->\n<section class=\"nov-tp\" id=\"quest\">\n  <div class=\"nov-tp-content\">\n<h2 id=\"travel-planner\" class=\"nov-section-heading\">Travel Planner,<br>qu&rsquo;est-ce-que c&rsquo;est ?<\/h2>\n    <p class=\"nov-lead\">Travel Planner ind\u00e9pendante, je con\u00e7ois des voyages sur mesure, pens\u00e9s dans les moindres d\u00e9tails selon vos envies, votre budget et vos contraintes.<\/p>\n    <p>De la s\u00e9lection des destinations \u00e0 la cr\u00e9ation d&rsquo;un itin\u00e9raire personnalis\u00e9, en passant par le choix d&rsquo;h\u00e9bergements et d&rsquo;exp\u00e9riences soigneusement s\u00e9lectionn\u00e9s, je vous accompagne \u00e0 chaque \u00e9tape pour vous offrir une organisation fluide et sereine.<\/p>\n    <p>Mon r\u00f4le : vous faire gagner un temps pr\u00e9cieux, all\u00e9ger votre charge mentale et vous apporter une v\u00e9ritable tranquillit\u00e9 d&rsquo;esprit. Gr\u00e2ce \u00e0 une recherche optimis\u00e9e et des recommandations cibl\u00e9es, mon accompagnement vous permet \u00e9galement d&rsquo;\u00e9viter les erreurs co\u00fbteuses et d&rsquo;optimiser votre budget, sans compromis sur la qualit\u00e9 de votre exp\u00e9rience.<\/p>\n    <span class=\"nov-tagline\">Vous n&rsquo;avez plus qu&rsquo;\u00e0 r\u00e9server &#038; faire vos valises.<\/span>\n    <div class=\"nov-profile\">\n      <div class=\"nov-profile-circle\">\n        <img decoding=\"async\" src=\"http:\/\/vxxyewh.cluster100.hosting.ovh.net\/wp-content\/uploads\/2026\/04\/WhatsApp-Image-2026-04-05-at-21.40.24.jpeg\" alt=\"Aur\u00e9lie \u2013 Travel Planner Nov\u00e9sia\">\n      <\/div>\n      <div>\n        <div class=\"nov-profile-name\">Aur\u00e9lie<\/div>\n        <div class=\"nov-profile-role\">Votre future travel planner<\/div>\n      <\/div>\n    <\/div>\n  <\/div>\n  <div class=\"nov-tp-image\">\n    <img decoding=\"async\" src=\"http:\/\/vxxyewh.cluster100.hosting.ovh.net\/wp-content\/uploads\/2026\/04\/WhatsApp-Image-2026-04-05-at-21.43.10.jpeg\" alt=\"Voyage sur mesure Nov\u00e9sia\">\n  <\/div>\n<\/section>\n\n<!-- LES FORMULES -->\n<section class=\"nov-formules\" id=\"formules\">\n  <h2 id=\"formules\" class=\"nov-section-title\">Les formules<\/h2>\n  <div class=\"nov-cards\">\n\n    <div class=\"nov-card\">\n      <img decoding=\"async\" class=\"nov-card-img\" src=\"http:\/\/vxxyewh.cluster100.hosting.ovh.net\/wp-content\/uploads\/2026\/04\/WhatsApp-Image-2026-04-05-at-21.43.56.jpeg\" alt=\"Voyage sur mesure\">\n      <div class=\"nov-card-body\">\n        <span class=\"nov-card-category\">Voyage sur mesure<\/span>\n        <p class=\"nov-card-title\">Conceptions de voyage sur mesure, compl\u00e8tement personnalis\u00e9 : Tout est pens\u00e9 pour vous, avec vous.<\/p>\n        <p class=\"nov-card-text\">Des voyages enti\u00e8rement con\u00e7us selon vos envies, votre budget et votre fa\u00e7on de voyager. Lors d&rsquo;une consultation personnalis\u00e9e, je d\u00e9finis avec vous les contours de votre projet, puis je cr\u00e9e un itin\u00e9raire d\u00e9taill\u00e9, accompagn\u00e9 de recommandations soigneusement s\u00e9lectionn\u00e9es.<\/p>\n        <a href=\"#\" class=\"nov-btn\">Me contacter <\/a>\n      <\/div>\n    <\/div>\n\n    <div class=\"nov-card\">\n      <img decoding=\"async\" class=\"nov-card-img\" src=\"http:\/\/vxxyewh.cluster100.hosting.ovh.net\/wp-content\/uploads\/2026\/04\/WhatsApp-Image-2026-04-05-at-21.44.41.jpeg\" alt=\"EVJF\">\n      <div class=\"nov-card-body\">\n        <span class=\"nov-card-category\">E V J F<\/span>\n        <p class=\"nov-card-title\">Un EVJF unique, imagin\u00e9 pour la future mari\u00e9e et celles qui l&rsquo;accompagnent.<\/p>\n        <p class=\"nov-card-text\">Je vous aide \u00e0 concevoir un s\u00e9jour sur mesure, en accord avec vos envies, votre budget et l&rsquo;univers de la mari\u00e9e. Destinations, activit\u00e9s, h\u00e9bergements : je cr\u00e9e une exp\u00e9rience m\u00e9morable, sans stress, pour que vous profitiez pleinement de chaque instant.<\/p>\n        <a href=\"#\" class=\"nov-btn\">Plus d&rsquo;information<\/a>\n      <\/div>\n    <\/div>\n\n    <div class=\"nov-card\">\n      <img decoding=\"async\" class=\"nov-card-img\" src=\"http:\/\/vxxyewh.cluster100.hosting.ovh.net\/wp-content\/uploads\/2026\/04\/WhatsApp-Image-2026-04-05-at-21.45.08.jpeg\" alt=\"Lune de miel\">\n      <div class=\"nov-card-body\">\n        <span class=\"nov-card-category\">Lune de miel<\/span>\n        <p class=\"nov-card-title\">Une lune de miel \u00e0 votre image, pens\u00e9e comme le prolongement de votre histoire.<\/p>\n        <p class=\"nov-card-text\">Je con\u00e7ois un voyage unique, en harmonie avec vos envies, vos r\u00eaves et votre budget, pour c\u00e9l\u00e9brer ce moment pr\u00e9cieux. Chaque d\u00e9tail est soigneusement imagin\u00e9 pour vous offrir une exp\u00e9rience inoubliable, en toute s\u00e9r\u00e9nit\u00e9.<\/p>\n        <a href=\"#\" class=\"nov-btn\">Demander un devis gratuit<\/a>\n      <\/div>\n    <\/div>\n\n  <\/div>\n<\/section>\n\n<!-- QUESTIONNAIRE -->\n<div class=\"nov-questionnaire\">\n  <h2 id=\"questionnaire\" class=\"nov-section-title\">Parlons de votre voyage<\/h2>\n  <div class=\"nov-iframe-wrapper\">\n    <iframe \n      src=\"https:\/\/form.typeform.com\/to\/i4NusyHa\" \n      width=\"100%\" \n      height=\"600px\" \n      frameborder=\"0\" \n      allow=\"camera; microphone; autoplay; encrypted-media\">\n    <\/iframe>\n  <\/div>\n<\/div>\n","protected":false},"excerpt":{"rendered":"<p>Bienvenue chez Nov\u00e9sia, o\u00f9 vos r\u00eaves de voyage prennent vie. Que ce soit un Enterrement de Vie de Jeune Fille [&hellip;]<\/p>\n","protected":false},"author":1,"featured_media":0,"parent":0,"menu_order":0,"comment_status":"closed","ping_status":"closed","template":"","meta":{"site-sidebar-layout":"default","site-content-layout":"","ast-site-content-layout":"default","site-content-style":"default","site-sidebar-style":"default","ast-global-header-display":"","ast-banner-title-visibility":"","ast-main-header-display":"","ast-hfb-above-header-display":"","ast-hfb-below-header-display":"","ast-hfb-mobile-header-display":"","site-post-title":"","ast-breadcrumbs-content":"","ast-featured-img":"","footer-sml-layout":"","ast-disable-related-posts":"","theme-transparent-header-meta":"","adv-header-id-meta":"","stick-header-meta":"","header-above-stick-meta":"","header-main-stick-meta":"","header-below-stick-meta":"","astra-migrate-meta-layouts":"default","ast-page-background-enabled":"default","ast-page-background-meta":{"desktop":{"background-color":"var(--ast-global-color-5)","background-image":"","background-repeat":"repeat","background-position":"center center","background-size":"auto","background-attachment":"scroll","background-type":"","background-media":"","overlay-type":"","overlay-color":"","overlay-opacity":"","overlay-gradient":""},"tablet":{"background-color":"","background-image":"","background-repeat":"repeat","background-position":"center center","background-size":"auto","background-attachment":"scroll","background-type":"","background-media":"","overlay-type":"","overlay-color":"","overlay-opacity":"","overlay-gradient":""},"mobile":{"background-color":"","background-image":"","background-repeat":"repeat","background-position":"center center","background-size":"auto","background-attachment":"scroll","background-type":"","background-media":"","overlay-type":"","overlay-color":"","overlay-opacity":"","overlay-gradient":""}},"ast-content-background-meta":{"desktop":{"background-color":"var(--ast-global-color-4)","background-image":"","background-repeat":"repeat","background-position":"center center","background-size":"auto","background-attachment":"scroll","background-type":"","background-media":"","overlay-type":"","overlay-color":"","overlay-opacity":"","overlay-gradient":""},"tablet":{"background-color":"var(--ast-global-color-4)","background-image":"","background-repeat":"repeat","background-position":"center center","background-size":"auto","background-attachment":"scroll","background-type":"","background-media":"","overlay-type":"","overlay-color":"","overlay-opacity":"","overlay-gradient":""},"mobile":{"background-color":"var(--ast-global-color-4)","background-image":"","background-repeat":"repeat","background-position":"center center","background-size":"auto","background-attachment":"scroll","background-type":"","background-media":"","overlay-type":"","overlay-color":"","overlay-opacity":"","overlay-gradient":""}},"footnotes":""},"class_list":["post-30","page","type-page","status-publish","hentry"],"_links":{"self":[{"href":"https:\/\/novesia-evasion.fr\/index.php\/wp-json\/wp\/v2\/pages\/30","targetHints":{"allow":["GET"]}}],"collection":[{"href":"https:\/\/novesia-evasion.fr\/index.php\/wp-json\/wp\/v2\/pages"}],"about":[{"href":"https:\/\/novesia-evasion.fr\/index.php\/wp-json\/wp\/v2\/types\/page"}],"author":[{"embeddable":true,"href":"https:\/\/novesia-evasion.fr\/index.php\/wp-json\/wp\/v2\/users\/1"}],"replies":[{"embeddable":true,"href":"https:\/\/novesia-evasion.fr\/index.php\/wp-json\/wp\/v2\/comments?post=30"}],"version-history":[{"count":15,"href":"https:\/\/novesia-evasion.fr\/index.php\/wp-json\/wp\/v2\/pages\/30\/revisions"}],"predecessor-version":[{"id":66,"href":"https:\/\/novesia-evasion.fr\/index.php\/wp-json\/wp\/v2\/pages\/30\/revisions\/66"}],"wp:attachment":[{"href":"https:\/\/novesia-evasion.fr\/index.php\/wp-json\/wp\/v2\/media?parent=30"}],"curies":[{"name":"wp","href":"https:\/\/api.w.org\/{rel}","templated":true}]}}